{"id":17,"date":"2013-12-30T14:38:55","date_gmt":"2013-12-30T13:38:55","guid":{"rendered":"http:\/\/franceagromex.fr\/agromex\/?page_id=17"},"modified":"2020-11-23T10:36:25","modified_gmt":"2020-11-23T09:36:25","slug":"activites","status":"publish","type":"page","link":"https:\/\/franceagromex.fr\/it\/activites\/","title":{"rendered":"Attivita&#8217;"},"content":{"rendered":"<p><\/p>\n<h3 class=\"orange\" style=\"padding-left: 60px; text-align: left;\">CHI SIAMO<\/h3>\n<p class=\"font-13\" style=\"padding-left: 60px; text-align: justify;\"><span class=\"font-13\"><br \/><img loading=\"lazy\" decoding=\"async\" class=\"wp-image-25 alignright\" alt=\"photo pomme de terre jaune\" src=\"https:\/\/franceagromex.fr\/wp-content\/uploads\/2013\/12\/photo-pomme-de-terre-jaune.jpg\" width=\"440\" height=\"440\" data-id=\"25\" srcset=\"https:\/\/franceagromex.fr\/wp-content\/uploads\/2013\/12\/photo-pomme-de-terre-jaune.jpg 1870w, https:\/\/franceagromex.fr\/wp-content\/uploads\/2013\/12\/photo-pomme-de-terre-jaune-150x150.jpg 150w, https:\/\/franceagromex.fr\/wp-content\/uploads\/2013\/12\/photo-pomme-de-terre-jaune-300x300.jpg 300w, https:\/\/franceagromex.fr\/wp-content\/uploads\/2013\/12\/photo-pomme-de-terre-jaune-1024x1024.jpg 1024w\" sizes=\"auto, (max-width: 440px) 100vw, 440px\" \/>Da oltre 10 anni, accompagniamo i nostri clienti in tutto il mondo. Esportiamo 90.000 tonnellate di patate e cipolle, destinate agli addetti al confezionamento. Rappresentiamo un vero partner, siamo presenti tutto l\u2019anno, proponendo prodotti adatti.<br \/><\/span><\/p>\n<hr style=\"margin-left: 60px;\" \/>\n<p class=\"font-18\" style=\"text-align: center; padding-left: 60px; font-size: 18px;\">Esportazioni in <span class=\"vert\">21 \u200bpaesi\u200b<\/span> &#8211; <span class=\"vert\">150 \u200bclienti<\/span><br \/><span class=\"vert\">50 produttori<\/span> partenr\u200b &#8211; <span class=\"vert\">70.000 tonnellate<\/span> di patate su contratto <span class=\"vert\">AGROMEX<\/span><\/p>\n<hr style=\"margin-left: 60px;\" \/>\n<p class=\"font-13\" style=\"padding-left: 60px; text-align: justify;\">Siamo specializzati nella produzione di patate novelle di ottima qualit\u00e0. La nostra filiale AGROPROD assicura una parte della produzione e sviluppa nuove variet\u00e0 sia in Francia che all\u2019estero. L\u201970% della nostra produzione \u00e8 contrattualizzato, sviluppiamo una rete di produttori partner che ci consente di ottimizzare la qualit\u00e0 e il servizio fornito durante la produzione (sviluppo di variet\u00e0, certificazione, ottimizzazione della produzione). Proponiamo tutte le variet\u00e0 destinate al mercato dei prodotti freschi. Produciamo nel rispetto delle specifiche dei nostri clienti.<\/p>\n<p class=\"clear\">\n<p style=\"text-align: left;\"><img loading=\"lazy\" decoding=\"async\" class=\"size-full wp-image-70 alignleft\" alt=\"exports\" src=\"https:\/\/franceagromex.fr\/wp-content\/uploads\/2013\/12\/exports.png\" width=\"505\" height=\"400\" data-id=\"70\" srcset=\"https:\/\/franceagromex.fr\/wp-content\/uploads\/2013\/12\/exports.png 505w, https:\/\/franceagromex.fr\/wp-content\/uploads\/2013\/12\/exports-300x237.png 300w\" sizes=\"auto, (max-width: 505px) 100vw, 505px\" \/><\/p>\n<h3 class=\"orange\" style=\"text-align: left;\">EXPORT<\/h3>\n<p class=\"font-13\" style=\"text-align: justify;\">Viviamo le nostre relazioni commerciali come se fossero vere parternship. Con 90.000 tonnellate di prodotti esportati, rappresentiamo un operatore principale sul mercato europeo. Ottimizziamo la domanda della clientela soddisfacendo ogni singola specifica di prodotto. Siamo molto propositivi nello sviluppo di nuove variet\u00e0.<\/p>\n<p class=\"clear\">\n<h3 class=\"orange\" style=\"text-align: left; padding-left: 10px;\">IMPEGNI<\/h3>\n<h5 class=\"vert\" style=\"padding-top: 15px; padding-left: 10px; text-align: left;\"><img loading=\"lazy\" decoding=\"async\" class=\" wp-image-140 alignright\" style=\"position: relative; top: -30px;\" alt=\"OIGNON0\" src=\"https:\/\/franceagromex.fr\/wp-content\/uploads\/2013\/12\/OIGNON0.jpg\" width=\"470\" height=\"395\" data-id=\"140\" srcset=\"https:\/\/franceagromex.fr\/wp-content\/uploads\/2013\/12\/OIGNON0.jpg 470w, https:\/\/franceagromex.fr\/wp-content\/uploads\/2013\/12\/OIGNON0-300x252.jpg 300w\" sizes=\"auto, (max-width: 470px) 100vw, 470px\" \/>Essere presenti tutto l\u2019anno con i nostri partner e proporre soluzioni di approvvigionamento permanenti.<\/h5>\n<p class=\"font-13\" style=\"padding-left: 10px; text-align: justify;\">&#8211; Stoccaggio adeguato .<br \/>&#8211; Scelta delle variet\u00e0.<br \/>&#8211; Importazione e produzione all\u2019estero.<br \/>&#8211; Affidabilit\u00e0 e ottimizzazione della logistica.<\/p>\n<hr style=\"margin-left: 10px;\" \/>\n<h5 class=\"vert\" style=\"padding-left: 10px; text-align: left;\">Impegnarci nella qualit\u00e0 del prodotto e del servizio..<\/h5>\n<p class=\"font-13\" style=\"padding-left: 10px; text-align: justify;\">&#8211; Produzione sostenibile e certificata.<br \/>&#8211; Proporre una tracciabilit\u00e0 ineccepibile e adeguata a<br \/>  richieste specifiche.<br \/>&#8211; Partenariato nella produzione per ottimizzare le colture.<br \/>&#8211; Idoneo controllo tecnico..<br \/>&#8211; Contrattualizzazione quasi sistematica della produzione.<br \/>&#8211; Test culinari e gustativi dei nostri prodotti.<\/p>\n<p class=\"clear\">\n<p style=\"text-align: left;\"><img loading=\"lazy\" decoding=\"async\" class=\"size-full wp-image-251 alignleft\" alt=\"champ\" src=\"https:\/\/franceagromex.fr\/wp-content\/uploads\/2013\/12\/champ.jpg\" width=\"494\" height=\"420\" data-id=\"251\" srcset=\"https:\/\/franceagromex.fr\/wp-content\/uploads\/2013\/12\/champ.jpg 494w, https:\/\/franceagromex.fr\/wp-content\/uploads\/2013\/12\/champ-300x255.jpg 300w\" sizes=\"auto, (max-width: 494px) 100vw, 494px\" \/><\/p>\n<h3 class=\"orange\" style=\"text-align: left;\">KNOW-HOW<\/h3>\n<h5 class=\"vert\" style=\"text-align: left;\">Staff tecnico e commerciale esperto e presente sul territorio\u200b.<\/h5>\n<p class=\"font-13\" style=\"padding-top: 15px; text-align: justify;\">Il nostro staff tecnico segue la produzione delle patate, dalla rotazione allo stoccaggio. Preleviamo campioni in tutti gli stadi di sviluppo del prodotto.<\/p>\n<p style=\"text-align: justify;\">Il nostro staff commerciale \u00e8 disponibile 6 giorni su 7 e visita tutti i nostri clienti per definire in maniera dettagliata la relativa domanda in termini di approvvigionamento e le tendenze future del mercato.<\/p>\n<h5 class=\"vert\" style=\"text-align: left;\">Logistica ottimizzata e sotto controllo.<\/h5>\n<p class=\"font-13\" style=\"padding-top: 15px; text-align: justify;\">I nostri partner logistici conoscono e si allineano alle nostre esigenze riguardanti la qualit\u00e0 del servizio (puntualit\u00e0, informazioni, manipolazione del prodotto).<\/p>\n<p class=\"font-13\" style=\"text-align: justify;\">I nostri addetti alla logistica gestiscono l\u2019intera catena logistica (trasporto, documenti doganali, documenti fitosanitari \u2026).<\/p>\n<\/p>\n<p><\/p>","protected":false},"excerpt":{"rendered":"<p>CHI SIAMO Da oltre 10 anni, accompagniamo i nostri clienti in tutto il mondo. Esportiamo 90.000 tonnellate di patate e cipolle, destinate agli addetti al confezionamento. Rappresentiamo un vero partner, siamo presenti tutto l\u2019anno, proponendo prodotti adatti. Esportazioni in 21 \u200bpaesi\u200b &#8211; 150 \u200bclienti50 produttori partenr\u200b &#8211; 70.000 tonnellate di patate su contratto AGROMEX Siamo [&hellip;]<\/p>\n","protected":false},"author":1,"featured_media":0,"parent":0,"menu_order":0,"comment_status":"closed","ping_status":"closed","template":"","meta":{"_custom_body_class":"","_custom_post_class":"","footnotes":""},"class_list":["post-17","page","type-page","status-publish","hentry"],"_links":{"self":[{"href":"https:\/\/franceagromex.fr\/it\/wp-json\/wp\/v2\/pages\/17","targetHints":{"allow":["GET"]}}],"collection":[{"href":"https:\/\/franceagromex.fr\/it\/wp-json\/wp\/v2\/pages"}],"about":[{"href":"https:\/\/franceagromex.fr\/it\/wp-json\/wp\/v2\/types\/page"}],"author":[{"embeddable":true,"href":"https:\/\/franceagromex.fr\/it\/wp-json\/wp\/v2\/users\/1"}],"replies":[{"embeddable":true,"href":"https:\/\/franceagromex.fr\/it\/wp-json\/wp\/v2\/comments?post=17"}],"version-history":[{"count":125,"href":"https:\/\/franceagromex.fr\/it\/wp-json\/wp\/v2\/pages\/17\/revisions"}],"predecessor-version":[{"id":11875,"href":"https:\/\/franceagromex.fr\/it\/wp-json\/wp\/v2\/pages\/17\/revisions\/11875"}],"wp:attachment":[{"href":"https:\/\/franceagromex.fr\/it\/wp-json\/wp\/v2\/media?parent=17"}],"curies":[{"name":"wp","href":"https:\/\/api.w.org\/{rel}","templated":true}]}}