{"id":21,"date":"2013-12-30T14:41:46","date_gmt":"2013-12-30T13:41:46","guid":{"rendered":"http:\/\/franceagromex.fr\/agromex\/?page_id=21"},"modified":"2020-02-04T18:02:30","modified_gmt":"2020-02-04T17:02:30","slug":"nos-produits","status":"publish","type":"page","link":"https:\/\/franceagromex.fr\/es\/nos-produits\/","title":{"rendered":"Nuestros productos"},"content":{"rendered":"<p><\/p>\n<h3 class=\"orange\" style=\"text-align: left;\">NUESTRA GAMA<\/h3>\n<h5 class=\"vert\" style=\"text-align: left;\">Comercializamos patatas y cebollas todo el a\u00f1o. Nuestros requisitos de productos son constantes, sea cual sea el origen (Israel, Espa\u00f1a, Portugal\u2026).<\/h5>\n<p style=\"text-align: left; padding-top: 10px;\">Nuestros productos tambi\u00e9n est\u00e1n disponibles en <span class=\"vert\">BIO (ECOCERT)<\/span>.<\/p>\n<p style=\"text-align: left;\"><span class=\"vert\">ZONA DE PRODUCCI\u00d3N<\/span> Francia : Picardie, Nord-Pas\u2013de-Calais,  Seine-Maritime, Champa\u00f1a, Beauce (de julio a junio)<br \/> <span class=\"vert\">ZONA DE IMPORTACI\u00d3N<\/span> Oriente Pr\u00f3ximo : Israel (de febrero a junio)<br \/> <span class=\"vert\">ZONA DE IMPORTACI\u00d3N<\/span> Sur de Europa : Espa\u00f1a y Portugal (de mayo a junio)<\/p>\n<table style=\"width: 100%;\" border=\"0\" cellspacing=\"5\" cellpadding=\"0\">\n<tbody>\n<tr class=\"first legend\" valign=\"top\">\n<td class=\"blocimgprod\">\n<div id=\"attachment_25\" style=\"width: 308px\" class=\"wp-caption alignnone\"><img loading=\"lazy\" decoding=\"async\" aria-describedby=\"caption-attachment-25\" class=\" wp-image-25 ombre\" title=\"Les pommes de terre\" alt=\"photo pomme de terre jaune\" src=\"https:\/\/franceagromex.fr\/wp-content\/uploads\/2013\/12\/photo-pomme-de-terre-jaune.jpg\" width=\"298\" height=\"251\" \/><p id=\"caption-attachment-25\" class=\"wp-caption-text\">Patatas<\/p><\/div>\n<\/td>\n<td class=\"blocimgprod\">\n<div id=\"attachment_27\" style=\"width: 308px\" class=\"wp-caption alignnone\"><img loading=\"lazy\" decoding=\"async\" aria-describedby=\"caption-attachment-27\" class=\"size-full wp-image-27 ombre\" title=\"Les oignons\" alt=\"oignons\" src=\"https:\/\/franceagromex.fr\/wp-content\/uploads\/2013\/12\/oignons.jpg\" width=\"298\" height=\"298\" srcset=\"https:\/\/franceagromex.fr\/wp-content\/uploads\/2013\/12\/oignons.jpg 298w, https:\/\/franceagromex.fr\/wp-content\/uploads\/2013\/12\/oignons-150x150.jpg 150w\" sizes=\"auto, (max-width: 298px) 100vw, 298px\" \/><p id=\"caption-attachment-27\" class=\"wp-caption-text\">Cebollas<\/p><\/div>\n<\/td>\n<td class=\"blocimgprod\">\n<div id=\"attachment_26\" style=\"width: 308px\" class=\"wp-caption alignnone\"><img loading=\"lazy\" decoding=\"async\" aria-describedby=\"caption-attachment-26\" class=\"alignnone size-full wp-image-266\" alt=\"plant\" src=\"https:\/\/franceagromex.fr\/wp-content\/uploads\/2013\/12\/plant.jpg\" width=\"298\" height=\"231\" data-id=\"266\" \/><p id=\"caption-attachment-26\" class=\"wp-caption-text\">plantas y semillas<\/p><\/div><\/p>\n<\/td>\n<\/tr>\n<tr valign=\"top\">\n<td>\n<h5 class=\"vert\" style=\"padding-left: 30px;\">Pulpas firmes<\/h5>\n<p style=\"padding-left: 30px;\">\u200b<em>marilyn, galante, charlotte &#8230;<\/em><\/p>\n<h5 class=\"vert\" style=\"padding-left: 30px;\">Patatas fritas \/ Pur\u00e9s<\/h5>\n<p style=\"padding-left: 30px;\"><em>caesar, melody, victoria, challenger, desiree &#8230;<\/em><\/p>\n<h5 class=\"vert\" style=\"padding-left: 30px;\">\u200bPulpas tiernas<\/h5>\n<p style=\"padding-left: 30px;\"><em>mona lisa, \u00e1gata, marabel, laura &#8230;<\/em><\/p>\n<h5 class=\"vert\" style=\"padding-left: 30px;\">\u200bIndustria<\/h5>\n<p style=\"padding-left: 30px;\"><em>lady-clair, pirol, bintje, agria, fontane &#8230;<\/em><\/p>\n<h5 class=\"vert\" style=\"padding-left: 30px;\">\u200bBio<\/h5>\n<p style=\"padding-left: 30px;\"><em>agata, nicola &#8230;<\/em><\/p>\n<\/td>\n<td>\n<h5 class=\"vert\" style=\"padding-left: 30px;\">Cebollas<\/h5>\n<p style=\"padding-left: 30px;\"><em>amarillas de sembrado<br \/><\/em><\/p>\n<h5 class=\"vert\" style=\"padding-left: 30px;\">Cebollas<\/h5>\n<p style=\"padding-left: 30px;\"><em>rojas de sembrado<\/em><\/p>\n<h5 class=\"vert\" style=\"padding-left: 30px;\">Cebollas<\/h5>\n<p style=\"padding-left: 30px;\"><em>amarillas bulbillos\u200b<\/em><\/p>\n<\/td>\n<td>\n<h5 class=\"vert\" style=\"padding-left: 30px;\">Pulpas firmes<\/h5>\n<p style=\"padding-left: 30px;\">\u200b<em>marilyn, galante, charlotte &#8230;<\/em><\/p>\n<h5 class=\"vert\" style=\"padding-left: 30px;\">Patatas fritas \/ Pur\u00e9s<\/h5>\n<p style=\"padding-left: \n\n<p>Writers are utilized by businesses which have several types of products for consumers.  You may either find one on your own, if you are all set to acquire a resume writer or you <a href=\"https:\/\/expert-writers.net\/book-report\">book reports<\/a> can approach them to get their services.  However, if you hire someone, it is always a good idea to find somebody who is in writing resumes good, especially in the event that you will be using the same resume in more than 1 business.  Writing a resume is not that easy if you do not have the correct knowledge.  You may have some things to learn.<\/p>\n<p> 30px;&#8221;><em>caesar, melody, victoria, challenger, desiree &#8230;<\/em><\/p>\n<h5 class=\"vert\" style=\"padding-left: 30px;\">\u200bPulpas tiernas<\/h5>\n<p style=\"padding-left: 30px;\"><em>mona lisa, \u00e1gata, marabel, laura &#8230;<\/em><\/p>\n<h5 class=\"vert\" style=\"padding-left: 30px;\">\u200bIndustria<\/h5>\n<p style=\"padding-left: 30px;\"><em>lady-clair, pirol, bintje, agria, fontane &#8230;<\/em><\/p>\n<h5 class=\"vert\" style=\"padding-left: 30px;\">\u200bBio<\/h5>\n<p style=\"padding-left: 30px;\"><em>agata, nicola &#8230;<\/em><\/p>\n<h5 class=\"vert\" style=\"padding-left: 30px;\">Cebolla de siembra<\/h5>\n<\/td>\n<\/tr>\n<\/tbody>\n<\/table>\n<h3 class=\"orange\" style=\"text-align: left;\">LAS SOLUCIONES DE ENVASADO Y DE LOG\u00cdSTICA<\/h3>\n<table border=\"0\" cellspacing=\"0\" cellpadding=\"0\">\n<tbody>\n<tr>\n<td width=\"50%\">Nuestros productos<span class=\"vert\"> patatas<\/span> y<span class=\"vert\"> cebollas<\/span> est\u00e1n disponibles :<\/p>\n<p>A granel, transporte por camiones-volquetes. <br \/>En big-bag de 1,2 toneladas. <br \/>En bolsa 10 a 25 kg (red, bolsa de cintas\u2026).<\/p>\n<\/td>\n<td>Estamos a su disposici\u00f3n para atender sus<span class=\"vert\"> necesidades de transporte<\/span> en todo el <span class=\"vert\">mundo<\/span>.<\/p>\n<p>Por carretera (camiones completos) hacia toda Europa.<br \/>Por barco (contenedor refrigerado).<br \/>Por conexi\u00f3n rail-carretera con nuestras posibilidades saliendo desde Dourges (62).<\/p>\n<\/td>\n<\/tr>\n<\/tbody>\n<\/table>\n<h3 class=\"orange\" style=\"text-align: left;\">CALIDADES Y COOPERACIONES DE PRODUCCI\u00d3N<\/h3>\n<p style=\"text-align: left;\"><em>Desarrollamos nuestras cooperaciones de producci\u00f3n en un contexto <span class=\"vert\">beneficios mutuos<\/span> con el fin de optimizar la satisfacci\u00f3n de nuestros clientes a largo plazo, lo que nos permite garantizar <span class=\"vert\">relaciones duraderas<\/span>. <\/em><\/p>\n<p style=\"text-align: left;\">Nos comprometemos a definir contractualmente con nuestros socios a nivel de producci\u00f3n: los vol\u00famenes, los calibres de los productos. Nuestros socios se comprometen a respetar estos <span class=\"vert\">requisitos<\/span> cultivando \u00fanicamente los brotes certificados y suministrados por nuestra empresa, y aceptando las auditor\u00edas de nuestros clientes.<\/p>\n<p style=\"text-align: left;\">Trabajando con los productores certificados <span class=\"vert\">GLOBALG. A.P.<\/span>, garantizamos una trazabilidad desde la plantaci\u00f3n hasta el envasado.<span class=\"vert\"><br \/><\/span><\/p>\n<hr \/>\n<p class=\"vert\" style=\"font-size: 15px; text-align: left;\">Garantizamos patatas y cebollas procedentes de brotes y semillas garantizados sin OGM<br \/><em style=\"font-size: 12px; color: #000;\">(organismo gen\u00e9ticamente modificado).  <\/em><\/p>\n<p><\/p>","protected":false},"excerpt":{"rendered":"<p>NUESTRA GAMA Comercializamos patatas y cebollas todo el a\u00f1o. Nuestros requisitos de productos son constantes, sea cual sea el origen (Israel, Espa\u00f1a, Portugal\u2026). Nuestros productos tambi\u00e9n est\u00e1n disponibles en BIO (ECOCERT). ZONA DE PRODUCCI\u00d3N Francia : Picardie, Nord-Pas\u2013de-Calais, Seine-Maritime, Champa\u00f1a, Beauce (de julio a junio) ZONA DE IMPORTACI\u00d3N Oriente Pr\u00f3ximo : Israel (de febrero a [&hellip;]<\/p>\n","protected":false},"author":1,"featured_media":0,"parent":0,"menu_order":0,"comment_status":"closed","ping_status":"closed","template":"","meta":{"_custom_body_class":"produits","_custom_post_class":"","footnotes":""},"class_list":["post-21","page","type-page","status-publish","hentry"],"_links":{"self":[{"href":"https:\/\/franceagromex.fr\/es\/wp-json\/wp\/v2\/pages\/21","targetHints":{"allow":["GET"]}}],"collection":[{"href":"https:\/\/franceagromex.fr\/es\/wp-json\/wp\/v2\/pages"}],"about":[{"href":"https:\/\/franceagromex.fr\/es\/wp-json\/wp\/v2\/types\/page"}],"author":[{"embeddable":true,"href":"https:\/\/franceagromex.fr\/es\/wp-json\/wp\/v2\/users\/1"}],"replies":[{"embeddable":true,"href":"https:\/\/franceagromex.fr\/es\/wp-json\/wp\/v2\/comments?post=21"}],"version-history":[{"count":105,"href":"https:\/\/franceagromex.fr\/es\/wp-json\/wp\/v2\/pages\/21\/revisions"}],"predecessor-version":[{"id":11382,"href":"https:\/\/franceagromex.fr\/es\/wp-json\/wp\/v2\/pages\/21\/revisions\/11382"}],"wp:attachment":[{"href":"https:\/\/franceagromex.fr\/es\/wp-json\/wp\/v2\/media?parent=21"}],"curies":[{"name":"wp","href":"https:\/\/api.w.org\/{rel}","templated":true}]}}