{"id":17,"date":"2013-12-30T14:38:55","date_gmt":"2013-12-30T13:38:55","guid":{"rendered":"http:\/\/franceagromex.fr\/agromex\/?page_id=17"},"modified":"2020-11-23T10:36:25","modified_gmt":"2020-11-23T09:36:25","slug":"activites","status":"publish","type":"page","link":"https:\/\/franceagromex.fr\/es\/activites\/","title":{"rendered":"Actividades"},"content":{"rendered":"<p><\/p>\n<h3 class=\"orange\" style=\"padding-left: 60px; text-align: left;\">\u00bfQUIENES SOMOS?<\/h3>\n<p class=\"font-13\" style=\"padding-left: 60px; text-align: justify;\"><span class=\"font-13\"><br \/><img loading=\"lazy\" decoding=\"async\" class=\"wp-image-25 alignright\" alt=\"photo pomme de terre jaune\" src=\"https:\/\/franceagromex.fr\/wp-content\/uploads\/2013\/12\/photo-pomme-de-terre-jaune.jpg\" width=\"440\" height=\"440\" data-id=\"25\" srcset=\"https:\/\/franceagromex.fr\/wp-content\/uploads\/2013\/12\/photo-pomme-de-terre-jaune.jpg 1870w, https:\/\/franceagromex.fr\/wp-content\/uploads\/2013\/12\/photo-pomme-de-terre-jaune-150x150.jpg 150w, https:\/\/franceagromex.fr\/wp-content\/uploads\/2013\/12\/photo-pomme-de-terre-jaune-300x300.jpg 300w, https:\/\/franceagromex.fr\/wp-content\/uploads\/2013\/12\/photo-pomme-de-terre-jaune-1024x1024.jpg 1024w\" sizes=\"auto, (max-width: 440px) 100vw, 440px\" \/>Llevamos m\u00e1s de 10 a\u00f1os acompa\u00f1ando a nuestros clientes en todo el mundo. Exportamos 90.000 toneladas de patatas y cebollas, con destino a empresas de envasado. Como un aut\u00e9ntico socio, estamos presentes durante todo el a\u00f1o y proponemos productos adaptados.<\/span><\/p>\n<hr style=\"margin-left: 60px;\" \/>\n<p class=\"font-18\" style=\"text-align: center; padding-left: 60px; font-size: 18px;\">Exportaciones hacia <span class=\"vert\">21 \u200bpa\u00edses\u200b<\/span> &#8211; <span class=\"vert\">150 \u200bclientes<\/span><br \/><span class=\"vert\">50 productores<\/span> asociados\u200b &#8211; <span class=\"vert\">70.000 toneladas<\/span> de patatas bajo contrato <span class=\"vert\">AGROMEX<\/span><\/p>\n<hr style=\"margin-left: 60px;\" \/>\n<p class=\"font-13\" style=\"padding-left: 60px; text-align: justify;\">Estamos especializados en la producci\u00f3n de patatas tempranas de alta calidad. Nuestra filial AGROPROD realiza una parte de la producci\u00f3n y desarrolla nuevas variedades en Francia y en el extranjero. Nuestros productos son objeto de contratos en un 70%, desarrollamos una red de productores asociados, con el fin de optimizar la calidad y el servicio aportado en la producci\u00f3n (desarrollo de variedades, certificaci\u00f3n, optimizaci\u00f3n de la producci\u00f3n). Proponemos todas las variedades destinadas al mercado de productos frescos. Producimos de acuerdo con los requisitos espec\u00edficos de nuestros clientes.<\/p>\n<p class=\"clear\">\n<p style=\"text-align: left;\"><img loading=\"lazy\" decoding=\"async\" class=\"size-full wp-image-70 alignleft\" alt=\"exports\" src=\"https:\/\/franceagromex.fr\/wp-content\/uploads\/2013\/12\/exports.png\" width=\"505\" height=\"400\" data-id=\"70\" srcset=\"https:\/\/franceagromex.fr\/wp-content\/uploads\/2013\/12\/exports.png 505w, https:\/\/franceagromex.fr\/wp-content\/uploads\/2013\/12\/exports-300x237.png 300w\" sizes=\"auto, (max-width: 505px) 100vw, 505px\" \/><\/p>\n<h3 class=\"orange\" style=\"text-align: left;\">EXPORTACI\u00d3N<\/h3>\n<p class=\"font-13\" style=\"text-align: justify;\">Vivimos nuestras relaciones comerciales como aut\u00e9nticas cooperaciones. Con<span class=\"vert\"> 90.000 toneladas de productos<\/span> <span class=\"vert\">exportados<\/span>, somos un actor protagonista en el mercado europeo. Optimizamos la demanda de nuestros clientes atendiendo cada exigencia espec\u00edfica. Somos muy propositivos en el desarrollo de nuevas variedades.<\/p>\n<p class=\"clear\">\n<h3 class=\"orange\" style=\"text-align: left; padding-left: 10px;\">NUESTROS COMPROMISOS<\/h3>\n<h5 class=\"vert\" style=\"padding-top: 15px; padding-left: 10px; text-align: left;\"><img loading=\"lazy\" decoding=\"async\" class=\" wp-image-140 alignright\" style=\"position: relative; top: -30px;\" alt=\"OIGNON0\" src=\"https:\/\/franceagromex.fr\/wp-content\/uploads\/2013\/12\/OIGNON0.jpg\" width=\"470\" height=\"395\" data-id=\"140\" srcset=\"https:\/\/franceagromex.fr\/wp-content\/uploads\/2013\/12\/OIGNON0.jpg 470w, https:\/\/franceagromex.fr\/wp-content\/uploads\/2013\/12\/OIGNON0-300x252.jpg 300w\" sizes=\"auto, (max-width: 470px) 100vw, 470px\" \/>Estar presentes todo el a\u00f1o junto nuestros socios y proponer soluciones de abastecimiento duraderas.<\/h5>\n<p class=\"font-13\" style=\"padding-left: 10px; text-align: justify;\">&#8211; Almacenamiento adaptado.<br \/>&#8211; Elecci\u00f3n de las variedades.<br \/>&#8211; Importaci\u00f3n y producci\u00f3n en el extranjero.<br \/>&#8211; Fiabilidad y optimizaci\u00f3n de la log\u00edstica.<\/p>\n<hr style=\"margin-left: 10px;\" \/>\n<h5 class=\"vert\" style=\"padding-left: 10px; text-align: left;\">Comprometerse con la calidad del producto y del servicio. <\/h5>\n<p class=\"font-13\" style=\"padding-left: 10px; text-align: justify;\">&#8211; Producci\u00f3n respetuosa con el medioambiente y certificada. <br \/>&#8211; Proponer una trazabilidad irreprochable y adecuada a las<br \/>  demandas espec\u00edficas.<br \/>&#8211; Un acuerdo a nivel de producci\u00f3n para optimizar los cultivos.<br \/>&#8211; Un seguimiento t\u00e9cnico adaptado.<br \/>&#8211; Contrataci\u00f3n casi-sistem\u00e1tica a nivel de producci\u00f3n.<br \/>&#8211; Pruebas culinarias y gustativas de nuestros productos.<\/p>\n<p class=\"clear\">\n<p style=\"text-align: left;\"><img loading=\"lazy\" decoding=\"async\" class=\"size-full wp-image-251 alignleft\" alt=\"champ\" src=\"https:\/\/franceagromex.fr\/wp-content\/uploads\/2013\/12\/champ.jpg\" width=\"494\" height=\"420\" data-id=\"251\" srcset=\"https:\/\/franceagromex.fr\/wp-content\/uploads\/2013\/12\/champ.jpg 494w, https:\/\/franceagromex.fr\/wp-content\/uploads\/2013\/12\/champ-300x255.jpg 300w\" sizes=\"auto, (max-width: 494px) 100vw, 494px\" \/><\/p>\n<h3 class=\"orange\" style=\"text-align: left;\">NOTRENUESTRO SABER-HACER SAVOIR-FAIRE<\/h3>\n<h5 class=\"vert\" style=\"text-align: left;\">Unos equipos t\u00e9cnicos y comerciales expertos y presentes en el terreno..<\/h5>\n<p class=\"font-13\" style=\"padding-top: 15px; text-align: justify;\">Nuestro equipo t\u00e9cnico sigue la producci\u00f3n de nuestras patatas desde la rotaci\u00f3n hasta el almacenamiento. Recogemos muestras a todos los niveles del desarrollo del producto.<\/p>\n<p style=\"text-align: justify;\">Nuestro equipo comercial est\u00e1 disponible 6 d\u00edas a la semana y se desplaza para visitar a todos nuestros clientes con el objeto de determinar minuciosamente la demanda en t\u00e9rminos de abastecimiento y las futuras evoluciones del mercado.<\/p>\n<h5 class=\"vert\" style=\"text-align: left;\">Una log\u00edstica optimizada y controlada.<\/h5>\n<p class=\"font-13\" style=\"padding-top: 15px; text-align: justify;\">Nuestros socios log\u00edsticos conocen y aceptan nuestras exigencias de calidad de servicio (puntualidad, informaci\u00f3n, manipulaci\u00f3n producto).<\/p>\n<p class=\"font-13\" style=\"text-align: justify;\">Nuestro equipo log\u00edstico gestiona la totalidad de la cadena log\u00edstica (transporte, documentaci\u00f3n aduanera, documentaci\u00f3n fitosanitaria\u2026). <\/p>\n<\/p>\n<p><\/p>","protected":false},"excerpt":{"rendered":"<p>\u00bfQUIENES SOMOS? Llevamos m\u00e1s de 10 a\u00f1os acompa\u00f1ando a nuestros clientes en todo el mundo. Exportamos 90.000 toneladas de patatas y cebollas, con destino a empresas de envasado. Como un aut\u00e9ntico socio, estamos presentes durante todo el a\u00f1o y proponemos productos adaptados. Exportaciones hacia 21 \u200bpa\u00edses\u200b &#8211; 150 \u200bclientes50 productores asociados\u200b &#8211; 70.000 toneladas de [&hellip;]<\/p>\n","protected":false},"author":1,"featured_media":0,"parent":0,"menu_order":0,"comment_status":"closed","ping_status":"closed","template":"","meta":{"_custom_body_class":"","_custom_post_class":"","footnotes":""},"class_list":["post-17","page","type-page","status-publish","hentry"],"_links":{"self":[{"href":"https:\/\/franceagromex.fr\/es\/wp-json\/wp\/v2\/pages\/17","targetHints":{"allow":["GET"]}}],"collection":[{"href":"https:\/\/franceagromex.fr\/es\/wp-json\/wp\/v2\/pages"}],"about":[{"href":"https:\/\/franceagromex.fr\/es\/wp-json\/wp\/v2\/types\/page"}],"author":[{"embeddable":true,"href":"https:\/\/franceagromex.fr\/es\/wp-json\/wp\/v2\/users\/1"}],"replies":[{"embeddable":true,"href":"https:\/\/franceagromex.fr\/es\/wp-json\/wp\/v2\/comments?post=17"}],"version-history":[{"count":125,"href":"https:\/\/franceagromex.fr\/es\/wp-json\/wp\/v2\/pages\/17\/revisions"}],"predecessor-version":[{"id":11875,"href":"https:\/\/franceagromex.fr\/es\/wp-json\/wp\/v2\/pages\/17\/revisions\/11875"}],"wp:attachment":[{"href":"https:\/\/franceagromex.fr\/es\/wp-json\/wp\/v2\/media?parent=17"}],"curies":[{"name":"wp","href":"https:\/\/api.w.org\/{rel}","templated":true}]}}